{"id":1452,"date":"2013-10-16T12:05:38","date_gmt":"2013-10-16T12:05:38","guid":{"rendered":"http:\/\/demo.qodeinteractive.com\/strata\/?page_id=1452"},"modified":"2022-02-01T17:05:11","modified_gmt":"2022-02-01T17:05:11","slug":"contact","status":"publish","type":"page","link":"https:\/\/itmedservices.com\/index.php\/contact\/","title":{"rendered":"Contact Us"},"content":{"rendered":"<h3><\/h3>\n<p>[vc_row row_type=&#8221;row&#8221; type=&#8221;full_width&#8221; text_align=&#8221;left&#8221; css_animation=&#8221;&#8221;][vc_column][vc_column_text]<\/p>\n<h3>Our Office<\/h3>\n<p>[\/vc_column_text][vc_separator type=&#8221;transparent&#8221; up=&#8221;6&#8243; down=&#8221;6&#8243;][vc_column_text]Gen\u00e7osman Mahallesi,<\/p>\n<p>Aktaran Sokak, No: 6 D: 2 G\u00fcng\u00f6ren, Istabul, Turkey.<br \/>\nEmail: info@itmedservices.com<br \/>\nPhone:+90 212 569 30 00<\/p>\n<p>Mobile: +90 552 477 69 90 \/ +90 552 738 89 93[\/vc_column_text][vc_separator type=&#8221;transparent&#8221; up=&#8221;6&#8243; down=&#8221;6&#8243;]<span class='q_social_icon_holder'><a href='https:\/\/twitter.com\/' target='_blank'><span class='fa-stack fa-lg' style='background: #eeeeee;background: #f9f9f9 -ms-linear-gradient(bottom, #eeeeee 0%, #f9f9f9 100%);background: #f9f9f9 -moz-linear-gradient(bottom, #eeeeee 0%, #f9f9f9 100%);background: #f9f9f9 -o-linear-gradient(bottom, #eeeeee 0%, #f9f9f9 100%);background: #f9f9f9 -webkit-gradient(linear, left bottom, left top, color-stop(0,#eeeeee), color-stop(1, #f9f9f9));background: #f9f9f9 -webkit-linear-gradient(bottom, #eeeeee 0%, #f9f9f9 100%);background: #f9f9f9 linear-gradient(to top, #eeeeee 0%, #f9f9f9 100%);border-color: #eaeaea;'><i class='fa fa-twitter' style='color: #333333;'><\/i><\/span><\/a><\/span><span class='q_social_icon_holder'><a href='https:\/\/www.facebook.com\/' target='_blank'><span class='fa-stack fa-lg' style='background: #eeeeee;background: #f9f9f9 -ms-linear-gradient(bottom, #eeeeee 0%, #f9f9f9 100%);background: #f9f9f9 -moz-linear-gradient(bottom, #eeeeee 0%, #f9f9f9 100%);background: #f9f9f9 -o-linear-gradient(bottom, #eeeeee 0%, #f9f9f9 100%);background: #f9f9f9 -webkit-gradient(linear, left bottom, left top, color-stop(0,#eeeeee), color-stop(1, #f9f9f9));background: #f9f9f9 -webkit-linear-gradient(bottom, #eeeeee 0%, #f9f9f9 100%);background: #f9f9f9 linear-gradient(to top, #eeeeee 0%, #f9f9f9 100%);border-color: #eaeaea;'><i class='fa fa-facebook' style='color: #333333;'><\/i><\/span><\/a><\/span><span class='q_social_icon_holder'><a href='http:\/\/instagram.com' target='_blank'><span class='fa-stack fa-lg' style='background: #eeeeee;background: #f9f9f9 -ms-linear-gradient(bottom, #eeeeee 0%, #f9f9f9 100%);background: #f9f9f9 -moz-linear-gradient(bottom, #eeeeee 0%, #f9f9f9 100%);background: #f9f9f9 -o-linear-gradient(bottom, #eeeeee 0%, #f9f9f9 100%);background: #f9f9f9 -webkit-gradient(linear, left bottom, left top, color-stop(0,#eeeeee), color-stop(1, #f9f9f9));background: #f9f9f9 -webkit-linear-gradient(bottom, #eeeeee 0%, #f9f9f9 100%);background: #f9f9f9 linear-gradient(to top, #eeeeee 0%, #f9f9f9 100%);border-color: #eaeaea;'><i class='fa fa-instagram' style='color: #333333;'><\/i><\/span><\/a><\/span>[\/vc_column][\/vc_row]<\/p>\n","protected":false},"excerpt":{"rendered":"<p>[vc_row row_type=&#8221;row&#8221; type=&#8221;full_width&#8221; text_align=&#8221;left&#8221; css_animation=&#8221;&#8221;][vc_column][vc_column_text] Our Office [\/vc_column_text][vc_separator type=&#8221;transparent&#8221; up=&#8221;6&#8243; down=&#8221;6&#8243;][vc_column_text]Gen\u00e7osman Mahallesi, Aktaran Sokak, No: 6 D: 2 G\u00fcng\u00f6ren, Istabul, Turkey. Email: info@itmedservices.com Phone:+90 212 569 30 00 Mobile: +90 552 477 69 90 \/ +90 552 738 89 93[\/vc_column_text][vc_separator type=&#8221;transparent&#8221; up=&#8221;6&#8243; down=&#8221;6&#8243;][\/vc_column][\/vc_row]<\/p>\n","protected":false},"author":1,"featured_media":12400,"parent":0,"menu_order":0,"comment_status":"open","ping_status":"open","template":"contact-page.php","meta":[],"_links":{"self":[{"href":"https:\/\/itmedservices.com\/index.php\/wp-json\/wp\/v2\/pages\/1452"}],"collection":[{"href":"https:\/\/itmedservices.com\/index.php\/wp-json\/wp\/v2\/pages"}],"about":[{"href":"https:\/\/itmedservices.com\/index.php\/wp-json\/wp\/v2\/types\/page"}],"author":[{"embeddable":true,"href":"https:\/\/itmedservices.com\/index.php\/wp-json\/wp\/v2\/users\/1"}],"replies":[{"embeddable":true,"href":"https:\/\/itmedservices.com\/index.php\/wp-json\/wp\/v2\/comments?post=1452"}],"version-history":[{"count":8,"href":"https:\/\/itmedservices.com\/index.php\/wp-json\/wp\/v2\/pages\/1452\/revisions"}],"predecessor-version":[{"id":12403,"href":"https:\/\/itmedservices.com\/index.php\/wp-json\/wp\/v2\/pages\/1452\/revisions\/12403"}],"wp:featuredmedia":[{"embeddable":true,"href":"https:\/\/itmedservices.com\/index.php\/wp-json\/wp\/v2\/media\/12400"}],"wp:attachment":[{"href":"https:\/\/itmedservices.com\/index.php\/wp-json\/wp\/v2\/media?parent=1452"}],"curies":[{"name":"wp","href":"https:\/\/api.w.org\/{rel}","templated":true}]}}